{"id":234,"date":"2020-04-20T09:01:14","date_gmt":"2020-04-20T07:01:14","guid":{"rendered":"https:\/\/praxis-duelund.de\/?page_id=234"},"modified":"2025-02-28T09:16:27","modified_gmt":"2025-02-28T08:16:27","slug":"haeufige-fragen","status":"publish","type":"page","link":"https:\/\/praxis-duelund.de\/?page_id=234","title":{"rendered":"H\u00e4ufige Fragen"},"content":{"rendered":"<p>[et_pb_section fb_built=&#8220;1&#8243; custom_padding_last_edited=&#8220;on|tablet&#8220; next_background_color=&#8220;#64724c&#8220; admin_label=&#8220;Hero&#8220; _builder_version=&#8220;4.16&#8243; background_color=&#8220;#032b35&#8243; background_enable_image=&#8220;off&#8220; parallax=&#8220;on&#8220; custom_margin=&#8220;||||false&#8220; custom_padding=&#8220;4vw||3vw||false|false&#8220; custom_padding_tablet=&#8220;||50px|&#8220; custom_padding_phone=&#8220;&#8220; bottom_divider_style=&#8220;curve&#8220; bottom_divider_height=&#8220;2.5vw&#8220; global_colors_info=&#8220;{}&#8220;][et_pb_row _builder_version=&#8220;4.16&#8243; custom_margin=&#8220;|auto||186px||&#8220; animation_style=&#8220;fade&#8220; global_colors_info=&#8220;{}&#8220;][et_pb_column type=&#8220;4_4&#8243; _builder_version=&#8220;4.16&#8243; custom_padding=&#8220;|||&#8220; global_colors_info=&#8220;{}&#8220; custom_padding__hover=&#8220;|||&#8220;][et_pb_text _builder_version=&#8220;4.16&#8243; text_font=&#8220;||||||||&#8220; text_font_size=&#8220;18px&#8220; text_line_height=&#8220;2em&#8220; header_font=&#8220;Montserrat|300|||||||&#8220; header_font_size=&#8220;50px&#8220; header_line_height=&#8220;1.4em&#8220; text_orientation=&#8220;center&#8220; max_width=&#8220;700px&#8220; module_alignment=&#8220;center&#8220; header_font_size_tablet=&#8220;40px&#8220; header_font_size_phone=&#8220;32px&#8220; header_font_size_last_edited=&#8220;on|desktop&#8220; global_colors_info=&#8220;{}&#8220;]<\/p>\n<h1>H\u00e4ufige Fragen zur Behandlung<\/h1>\n<p>Diese Fragen werden von Patienten h\u00e4ufig gestellt.<\/p>\n<p>[\/et_pb_text][\/et_pb_column][\/et_pb_row][\/et_pb_section][et_pb_section fb_built=&#8220;1&#8243; admin_label=&#8220;FAQ&#8220; _builder_version=&#8220;4.16&#8243; background_color=&#8220;#64724c&#8220; custom_padding=&#8220;54px|0px|54px|0px|false|false&#8220; global_colors_info=&#8220;{}&#8220;][et_pb_row use_custom_gutter=&#8220;on&#8220; _builder_version=&#8220;4.16&#8243; custom_margin=&#8220;|auto||184px||&#8220; custom_padding=&#8220;19px|||||&#8220; global_colors_info=&#8220;{}&#8220;][et_pb_column type=&#8220;4_4&#8243; _builder_version=&#8220;4.16&#8243; custom_padding=&#8220;|||&#8220; global_colors_info=&#8220;{}&#8220; custom_padding__hover=&#8220;|||&#8220;][et_pb_text _builder_version=&#8220;4.16&#8243; text_font=&#8220;||||||||&#8220; text_line_height=&#8220;2em&#8220; header_3_font=&#8220;Montserrat||||||||&#8220; header_3_line_height=&#8220;1.4em&#8220; header_4_font=&#8220;||||||||&#8220; max_width=&#8220;1007px&#8220; module_alignment=&#8220;center&#8220; custom_margin=&#8220;|||-53px||&#8220; locked=&#8220;off&#8220; global_colors_info=&#8220;{}&#8220;]<\/p>\n<h3>Fragen zur Behandlung<\/h3>\n<p>[\/et_pb_text][et_pb_toggle title=&#8220;Wie lange dauert eine Behandlunsgeinheit?&#8220; open=&#8220;on&#8220; open_toggle_text_color=&#8220;#000000&#8243; open_toggle_background_color=&#8220;#ffffff&#8220; closed_toggle_text_color=&#8220;#000000&#8243; closed_toggle_background_color=&#8220;#ffffff&#8220; _builder_version=&#8220;4.16&#8243; title_level=&#8220;h4&#8243; title_font=&#8220;Montserrat|500|||||||&#8220; title_line_height=&#8220;1.4em&#8220; body_font_size=&#8220;16px&#8220; body_line_height=&#8220;2em&#8220; custom_padding=&#8220;30px|40px|30px|40px|true|true&#8220; animation_style=&#8220;fade&#8220; border_radii=&#8220;on|10px|10px|10px|10px&#8220; border_width_all=&#8220;0px&#8220; box_shadow_style=&#8220;preset1&#8243; box_shadow_blur=&#8220;30px&#8220; box_shadow_color=&#8220;rgba(0,0,0,0.06)&#8220; global_colors_info=&#8220;{}&#8220;]<\/p>\n<p><span style=\"font-weight: 400;\">Die erste Behandlungseinheit dauert ca. 30 Minuten incl. Befunderhebung, alle weiteren Behandlungseinheiten dauern 20 Minuten.<\/span><\/p>\n<p>[\/et_pb_toggle][et_pb_toggle title=&#8220;Wo kann ich parken?&#8220; open=&#8220;on&#8220; open_toggle_text_color=&#8220;#000000&#8243; open_toggle_background_color=&#8220;#ffffff&#8220; closed_toggle_text_color=&#8220;#000000&#8243; closed_toggle_background_color=&#8220;#ffffff&#8220; _builder_version=&#8220;4.27.4&#8243; title_level=&#8220;h4&#8243; title_font=&#8220;Montserrat|500|||||||&#8220; title_line_height=&#8220;1.4em&#8220; body_font_size=&#8220;16px&#8220; body_line_height=&#8220;2em&#8220; custom_padding=&#8220;30px|40px|30px|40px|true|true&#8220; animation_style=&#8220;fade&#8220; hover_enabled=&#8220;0&#8243; border_radii=&#8220;on|10px|10px|10px|10px&#8220; border_width_all=&#8220;0px&#8220; box_shadow_style=&#8220;preset1&#8243; box_shadow_blur=&#8220;30px&#8220; box_shadow_color=&#8220;rgba(0,0,0,0.06)&#8220; global_colors_info=&#8220;{}&#8220; sticky_enabled=&#8220;0&#8243;]<\/p>\n<p><span style=\"font-weight: 400;\">Parkm\u00f6glichkeiten finden Sie nahe der Praxis. Gegen\u00fcberliegend befindet sich die Zentralgarage und runde um den Klostergarten gibt es Kurzzeitparkpl\u00e4tze.<\/span><\/p>\n<p>[\/et_pb_toggle][et_pb_toggle title=&#8220;Wie komme ich mit \u00f6ffentlichen Verkehrsmittel zu Ihnen?&#8220; open_toggle_text_color=&#8220;#000000&#8243; open_toggle_background_color=&#8220;#ffffff&#8220; closed_toggle_text_color=&#8220;#000000&#8243; closed_toggle_background_color=&#8220;#ffffff&#8220; _builder_version=&#8220;4.16&#8243; title_level=&#8220;h4&#8243; title_font=&#8220;Montserrat|500|||||||&#8220; title_line_height=&#8220;1.4em&#8220; body_font_size=&#8220;16px&#8220; body_line_height=&#8220;2em&#8220; custom_padding=&#8220;30px|40px|30px|40px|true|true&#8220; animation_style=&#8220;fade&#8220; border_radii=&#8220;on|10px|10px|10px|10px&#8220; border_width_all=&#8220;0px&#8220; box_shadow_style=&#8220;preset1&#8243; box_shadow_blur=&#8220;30px&#8220; box_shadow_color=&#8220;rgba(0,0,0,0.06)&#8220; global_colors_info=&#8220;{}&#8220;]<\/p>\n<p><span style=\"font-weight: 400;\">Ca. 100 Meter entfernt von unserer Praxis befindet sich der Zentrale Omnibusbahnhof (ZOB)<\/span><\/p>\n<p>[\/et_pb_toggle][et_pb_toggle title=&#8220;Behandeln Sie auch Kassenpatienten?&#8220; open_toggle_text_color=&#8220;#000000&#8243; open_toggle_background_color=&#8220;#ffffff&#8220; closed_toggle_text_color=&#8220;#000000&#8243; closed_toggle_background_color=&#8220;#ffffff&#8220; _builder_version=&#8220;4.16&#8243; title_level=&#8220;h4&#8243; title_font=&#8220;Montserrat|500|||||||&#8220; title_line_height=&#8220;1.4em&#8220; body_font_size=&#8220;16px&#8220; body_line_height=&#8220;2em&#8220; custom_padding=&#8220;30px|40px|30px|40px|true|true&#8220; animation_style=&#8220;fade&#8220; border_radii=&#8220;on|10px|10px|10px|10px&#8220; border_width_all=&#8220;0px&#8220; box_shadow_style=&#8220;preset1&#8243; box_shadow_blur=&#8220;30px&#8220; box_shadow_color=&#8220;rgba(0,0,0,0.06)&#8220; global_colors_info=&#8220;{}&#8220;]<\/p>\n<p><span style=\"font-weight: 400;\">Selbstverst\u00e4ndlich, wir behandeln alle Kassenpatienten, Patienten mit einem Rezept der Berufsgenossenschaft nach Arbeitsunf\u00e4llen sowie Privatpatienten mit und ohne Beihilfe.<\/span><\/p>\n<p>[\/et_pb_toggle][et_pb_toggle title=&#8220;Muss ich f\u00fcr die Therapie zu zahlen?&#8220; open_toggle_text_color=&#8220;#000000&#8243; open_toggle_background_color=&#8220;#ffffff&#8220; closed_toggle_text_color=&#8220;#000000&#8243; closed_toggle_background_color=&#8220;#ffffff&#8220; _builder_version=&#8220;4.16&#8243; title_level=&#8220;h4&#8243; title_font=&#8220;Montserrat|500|||||||&#8220; title_line_height=&#8220;1.4em&#8220; body_font_size=&#8220;16px&#8220; body_line_height=&#8220;2em&#8220; custom_padding=&#8220;30px|40px|30px|40px|true|true&#8220; animation_style=&#8220;fade&#8220; border_radii=&#8220;on|10px|10px|10px|10px&#8220; border_width_all=&#8220;0px&#8220; box_shadow_style=&#8220;preset1&#8243; box_shadow_blur=&#8220;30px&#8220; box_shadow_color=&#8220;rgba(0,0,0,0.06)&#8220; global_colors_info=&#8220;{}&#8220;]<\/p>\n<ol>\n<li><span style=\"font-weight: 400;\"> Der Eigenanteil des Patienten berechnet sich in H\u00f6he von 10,-\u20ac + 10% des Rezeptwertes. Leider sind wir dazu angehalten diese Zuzahlung von Ihnen einzufordern und an die Krankenkasse abzuf\u00fchren. Sie k\u00f6nnen diese bar oder mit EC &#8211; Karte bezahlen.<\/span><\/li>\n<\/ol>\n<p>&nbsp;<\/p>\n<p><span style=\"font-weight: 400;\">Kinder &amp; Jugendliche sind bis zum 18. Lebensjahr von der Zuzahlung befreit.\u00a0<\/span><\/p>\n<p>&nbsp;<\/p>\n<p><span style=\"font-weight: 400;\">Haben Sie einen Befreiungsausweis brauchen Sie keine Zuzahlung leisten, bitte legen Sie uns diesen Befreiungsausweis bei der ersten Behandlung vor.\u00a0<\/span><\/p>\n<p>&nbsp;<\/p>\n<p>[\/et_pb_toggle][et_pb_text _builder_version=&#8220;4.16&#8243; text_font=&#8220;||||||||&#8220; text_line_height=&#8220;2em&#8220; header_3_font=&#8220;Montserrat||||||||&#8220; header_3_line_height=&#8220;1.4em&#8220; header_4_font=&#8220;||||||||&#8220; max_width=&#8220;700px&#8220; module_alignment=&#8220;center&#8220; custom_margin=&#8220;|66px||66px||true&#8220; custom_padding=&#8220;|18px||0px||&#8220; locked=&#8220;off&#8220; global_colors_info=&#8220;{}&#8220;]<\/p>\n<h3>Fragen zur Abrechnung<\/h3>\n<p>[\/et_pb_text][et_pb_toggle title=&#8220;Wann muss ich sp\u00e4testens einen Termin absagen? &#8220; open=&#8220;on&#8220; open_toggle_text_color=&#8220;#000000&#8243; open_toggle_background_color=&#8220;#ffffff&#8220; closed_toggle_text_color=&#8220;#000000&#8243; closed_toggle_background_color=&#8220;#ffffff&#8220; _builder_version=&#8220;4.16&#8243; title_level=&#8220;h4&#8243; title_font=&#8220;Montserrat|500|||||||&#8220; title_line_height=&#8220;1.4em&#8220; body_font_size=&#8220;16px&#8220; body_line_height=&#8220;2em&#8220; custom_padding=&#8220;30px|40px|30px|40px|true|true&#8220; animation_style=&#8220;fade&#8220; border_radii=&#8220;on|10px|10px|10px|10px&#8220; border_width_all=&#8220;0px&#8220; box_shadow_style=&#8220;preset1&#8243; box_shadow_blur=&#8220;30px&#8220; box_shadow_color=&#8220;rgba(0,0,0,0.06)&#8220; locked=&#8220;off&#8220; global_colors_info=&#8220;{}&#8220;]<\/p>\n<p><span style=\"font-weight: 400;\">Sollten einen Termin nicht einhalten k\u00f6nnen, teilen Sie uns dies bitte so fr\u00fch wie m\u00f6glich mit, sp\u00e4testens jedoch 24 Stunden vor dem Termin. So haben auch andere Patienten aus der Warteliste die M\u00f6glichkeit, einen fr\u00fcheren Termin wahr zu nehmen.\u00a0<\/span><\/p>\n<p>&nbsp;<\/p>\n<p>[\/et_pb_toggle][et_pb_toggle title=&#8220;Wie lange ist mein Rezept g\u00fcltig?&#8220; open_toggle_text_color=&#8220;#000000&#8243; open_toggle_background_color=&#8220;#ffffff&#8220; closed_toggle_text_color=&#8220;#000000&#8243; closed_toggle_background_color=&#8220;#ffffff&#8220; _builder_version=&#8220;4.16&#8243; title_level=&#8220;h4&#8243; title_font=&#8220;Montserrat|500|||||||&#8220; title_line_height=&#8220;1.4em&#8220; body_font_size=&#8220;16px&#8220; body_line_height=&#8220;2em&#8220; custom_padding=&#8220;30px|40px|30px|40px|true|true&#8220; animation_style=&#8220;fade&#8220; border_radii=&#8220;on|10px|10px|10px|10px&#8220; border_width_all=&#8220;0px&#8220; box_shadow_style=&#8220;preset1&#8243; box_shadow_blur=&#8220;30px&#8220; box_shadow_color=&#8220;rgba(0,0,0,0.06)&#8220; locked=&#8220;off&#8220; global_colors_info=&#8220;{}&#8220;]<\/p>\n<p><span style=\"font-weight: 400;\">Bei gesetzlich Versicherten muss die Behandlung innerhalb von 14 Kalendertagen nach Rezeptausstellung <\/span><span style=\"font-weight: 400;\">begonnen werden, au\u00dfer Ihr Arzt hat einen anderen Behandlungsbeginn festgelegt.<\/span><\/p>\n<p>[\/et_pb_toggle][\/et_pb_column][\/et_pb_row][et_pb_row _builder_version=&#8220;4.16&#8243; custom_padding=&#8220;27px|0px|27px|0px|false|false&#8220; global_colors_info=&#8220;{}&#8220;][et_pb_column type=&#8220;4_4&#8243; _builder_version=&#8220;4.16&#8243; custom_padding=&#8220;|||&#8220; global_colors_info=&#8220;{}&#8220; custom_padding__hover=&#8220;|||&#8220;][et_pb_button button_text=&#8220;Frage stellen&#8220; button_alignment=&#8220;center&#8220; _builder_version=&#8220;4.16&#8243; custom_button=&#8220;on&#8220; button_text_size=&#8220;14px&#8220; button_text_color=&#8220;#ffffff&#8220; button_bg_color=&#8220;#40442e&#8220; button_border_color=&#8220;rgba(0,0,0,0)&#8220; button_border_radius=&#8220;100px&#8220; button_letter_spacing=&#8220;2px&#8220; button_font=&#8220;Montserrat|||on|||||&#8220; custom_padding=&#8220;16px|30px|16px|30px|true|true&#8220; button_letter_spacing_hover=&#8220;2px&#8220; locked=&#8220;off&#8220; global_colors_info=&#8220;{}&#8220; button_text_size__hover_enabled=&#8220;off&#8220; button_one_text_size__hover_enabled=&#8220;off&#8220; button_two_text_size__hover_enabled=&#8220;off&#8220; button_text_color__hover_enabled=&#8220;off&#8220; button_one_text_color__hover_enabled=&#8220;off&#8220; button_two_text_color__hover_enabled=&#8220;off&#8220; button_border_width__hover_enabled=&#8220;off&#8220; button_one_border_width__hover_enabled=&#8220;off&#8220; button_two_border_width__hover_enabled=&#8220;off&#8220; button_border_color__hover_enabled=&#8220;off&#8220; button_one_border_color__hover_enabled=&#8220;off&#8220; button_two_border_color__hover_enabled=&#8220;off&#8220; button_border_radius__hover_enabled=&#8220;off&#8220; button_one_border_radius__hover_enabled=&#8220;off&#8220; button_two_border_radius__hover_enabled=&#8220;off&#8220; button_letter_spacing__hover_enabled=&#8220;on&#8220; button_letter_spacing__hover=&#8220;2px&#8220; button_one_letter_spacing__hover_enabled=&#8220;off&#8220; button_two_letter_spacing__hover_enabled=&#8220;off&#8220; button_bg_color__hover_enabled=&#8220;off&#8220; button_one_bg_color__hover_enabled=&#8220;off&#8220; button_two_bg_color__hover_enabled=&#8220;off&#8220;][\/et_pb_button][\/et_pb_column][\/et_pb_row][\/et_pb_section]<\/p>\n","protected":false},"excerpt":{"rendered":"<p>H\u00e4ufige Fragen zur Behandlung Diese Fragen werden von Patienten h\u00e4ufig gestellt.Fragen zur BehandlungDie erste Behandlungseinheit dauert ca. 30 Minuten incl. Befunderhebung, alle weiteren Behandlungseinheiten dauern 20 Minuten.Parkm\u00f6glichkeiten finden Sie nahe der Praxis. Gegen\u00fcberliegend befindet sich die Zentralgarage und runde um den Klostergarten gibt es Kurzzeitparkpl\u00e4tze.Ca. 100 Meter entfernt von unserer Praxis befindet sich der Zentrale [&hellip;]<\/p>\n","protected":false},"author":2,"featured_media":0,"parent":0,"menu_order":0,"comment_status":"closed","ping_status":"closed","template":"","meta":{"_et_pb_use_builder":"on","_et_pb_old_content":"","_et_gb_content_width":"","footnotes":""},"class_list":["post-234","page","type-page","status-publish","hentry"],"_links":{"self":[{"href":"https:\/\/praxis-duelund.de\/index.php?rest_route=\/wp\/v2\/pages\/234","targetHints":{"allow":["GET"]}}],"collection":[{"href":"https:\/\/praxis-duelund.de\/index.php?rest_route=\/wp\/v2\/pages"}],"about":[{"href":"https:\/\/praxis-duelund.de\/index.php?rest_route=\/wp\/v2\/types\/page"}],"author":[{"embeddable":true,"href":"https:\/\/praxis-duelund.de\/index.php?rest_route=\/wp\/v2\/users\/2"}],"replies":[{"embeddable":true,"href":"https:\/\/praxis-duelund.de\/index.php?rest_route=%2Fwp%2Fv2%2Fcomments&post=234"}],"version-history":[{"count":17,"href":"https:\/\/praxis-duelund.de\/index.php?rest_route=\/wp\/v2\/pages\/234\/revisions"}],"predecessor-version":[{"id":711,"href":"https:\/\/praxis-duelund.de\/index.php?rest_route=\/wp\/v2\/pages\/234\/revisions\/711"}],"wp:attachment":[{"href":"https:\/\/praxis-duelund.de\/index.php?rest_route=%2Fwp%2Fv2%2Fmedia&parent=234"}],"curies":[{"name":"wp","href":"https:\/\/api.w.org\/{rel}","templated":true}]}}