{"id":274,"date":"2020-04-21T15:09:20","date_gmt":"2020-04-21T13:09:20","guid":{"rendered":"https:\/\/praxis-duelund.de\/?page_id=274"},"modified":"2026-01-19T15:07:48","modified_gmt":"2026-01-19T14:07:48","slug":"fusspflege","status":"publish","type":"page","link":"https:\/\/praxis-duelund.de\/?page_id=274","title":{"rendered":"Fu\u00dfpflege"},"content":{"rendered":"<p>[et_pb_section fb_built=&#8220;1&#8243; custom_padding_last_edited=&#8220;on|tablet&#8220; admin_label=&#8220;Analyzing&#8220; _builder_version=&#8220;4.16&#8243; width=&#8220;100%&#8220; max_width=&#8220;100%&#8220; custom_padding=&#8220;0|0px|0|15vw|false|false&#8220; custom_padding_tablet=&#8220;|||10vw&#8220; custom_padding_phone=&#8220;&#8220; global_colors_info=&#8220;{}&#8220; use_background_color_gradient__hover=&#8220;off&#8220; use_background_color_gradient__hover_enabled=&#8220;off&#8220; background_color_gradient_start__hover=&#8220;#2b87da&#8220; background_color_gradient_start__hover_enabled=&#8220;#2b87da&#8220; background_color_gradient_end__hover=&#8220;#29c4a9&#8243; background_color_gradient_end__hover_enabled=&#8220;#29c4a9&#8243; background_color_gradient_type__hover=&#8220;linear&#8220; background_color_gradient_type__hover_enabled=&#8220;linear&#8220; background_color_gradient_direction__hover=&#8220;180deg&#8220; background_color_gradient_direction__hover_enabled=&#8220;180deg&#8220; background_color_gradient_direction_radial__hover=&#8220;center&#8220; background_color_gradient_direction_radial__hover_enabled=&#8220;center&#8220; background_color_gradient_start_position__hover=&#8220;0%&#8220; background_color_gradient_start_position__hover_enabled=&#8220;0%&#8220; background_color_gradient_end_position__hover=&#8220;100%&#8220; background_color_gradient_end_position__hover_enabled=&#8220;100%&#8220; background_color_gradient_overlays_image__hover=&#8220;off&#8220; background_color_gradient_overlays_image__hover_enabled=&#8220;off&#8220; parallax__hover=&#8220;off&#8220; parallax__hover_enabled=&#8220;off&#8220; parallax_method__hover=&#8220;on&#8220; parallax_method__hover_enabled=&#8220;on&#8220; background_size__hover=&#8220;cover&#8220; background_size__hover_enabled=&#8220;cover&#8220; background_position__hover=&#8220;center&#8220; background_position__hover_enabled=&#8220;center&#8220; background_repeat__hover=&#8220;no-repeat&#8220; background_repeat__hover_enabled=&#8220;no-repeat&#8220; background_blend__hover=&#8220;normal&#8220; background_blend__hover_enabled=&#8220;normal&#8220; allow_player_pause__hover=&#8220;off&#8220; allow_player_pause__hover_enabled=&#8220;off&#8220; background_video_pause_outside_viewport__hover=&#8220;on&#8220; background_video_pause_outside_viewport__hover_enabled=&#8220;on&#8220; parallax_2__hover=&#8220;off&#8220; parallax_2__hover_enabled=&#8220;off&#8220; parallax_method_2__hover=&#8220;on&#8220; parallax_method_2__hover_enabled=&#8220;on&#8220; background_color_gradient_stops__hover=&#8220;#2b87da 0%|#29c4a9 100%&#8220;][et_pb_row column_structure=&#8220;1_2,1_2&#8243; make_equal=&#8220;on&#8220; padding_top_bottom_link_1=&#8220;true&#8220; padding_top_bottom_link_2=&#8220;false&#8220; padding_top_bottom_link_3=&#8220;true&#8220; padding_left_right_link_1=&#8220;true&#8220; padding_left_right_link_2=&#8220;false&#8220; padding_left_right_link_3=&#8220;true&#8220; _builder_version=&#8220;4.16&#8243; width=&#8220;100%&#8220; max_width=&#8220;100%&#8220; module_alignment=&#8220;right&#8220; custom_margin=&#8220;|auto||330px||&#8220; custom_padding=&#8220;0px|0px|0px|0px|false|false&#8220; use_custom_width=&#8220;on&#8220; width_unit=&#8220;off&#8220; custom_width_percent=&#8220;100%&#8220; global_colors_info=&#8220;{}&#8220;][et_pb_column type=&#8220;1_2&#8243; _builder_version=&#8220;4.16&#8243; custom_padding=&#8220;80px|80px|80px|80px&#8220; custom_padding_tablet=&#8220;60px|60px|60px|60px|true|false&#8220; custom_padding_phone=&#8220;40px|40px|40px|0px|true|false&#8220; custom_padding_last_edited=&#8220;on|phone&#8220; global_colors_info=&#8220;{}&#8220; padding_phone=&#8220;40px|40px|40px|0px|true|false&#8220; padding_tablet=&#8220;60px|60px|60px|60px|true|false&#8220; padding_last_edited=&#8220;on|phone&#8220; custom_padding__hover=&#8220;|||&#8220;][et_pb_text _builder_version=&#8220;4.16&#8243; text_font=&#8220;||||||||&#8220; text_text_color=&#8220;#6b6b6b&#8220; header_text_color=&#8220;#000000&#8243; header_2_font=&#8220;|500|||||||&#8220; header_2_text_color=&#8220;#000000&#8243; header_2_font_size=&#8220;40px&#8220; header_2_line_height=&#8220;1.4em&#8220; max_width=&#8220;600px&#8220; custom_margin=&#8220;15px|||||&#8220; link_font_size_last_edited=&#8220;off|desktop&#8220; header_2_font_size_tablet=&#8220;30px&#8220; header_2_font_size_phone=&#8220;25px&#8220; header_2_font_size_last_edited=&#8220;on|phone&#8220; global_colors_info=&#8220;{}&#8220; text_font_size__hover=&#8220;14px&#8220; text_font_size__hover_enabled=&#8220;14px&#8220; text_letter_spacing__hover=&#8220;0px&#8220; text_letter_spacing__hover_enabled=&#8220;0px&#8220; text_line_height__hover=&#8220;1.7em&#8220; text_line_height__hover_enabled=&#8220;1.7em&#8220; text_text_shadow_style__hover=&#8220;none&#8220; text_text_shadow_style__hover_enabled=&#8220;none&#8220; text_text_shadow_color__hover=&#8220;rgba(0,0,0,0.4)&#8220; text_text_shadow_color__hover_enabled=&#8220;rgba(0,0,0,0.4)&#8220; link_font_size__hover=&#8220;14px&#8220; link_font_size__hover_enabled=&#8220;14px&#8220; link_letter_spacing__hover=&#8220;0px&#8220; link_letter_spacing__hover_enabled=&#8220;0px&#8220; link_line_height__hover=&#8220;1em&#8220; link_line_height__hover_enabled=&#8220;1em&#8220; link_text_shadow_style__hover=&#8220;none&#8220; link_text_shadow_style__hover_enabled=&#8220;none&#8220; link_text_shadow_color__hover=&#8220;rgba(0,0,0,0.4)&#8220; link_text_shadow_color__hover_enabled=&#8220;rgba(0,0,0,0.4)&#8220; ul_font_size__hover=&#8220;14px&#8220; ul_font_size__hover_enabled=&#8220;14px&#8220; ul_letter_spacing__hover=&#8220;0px&#8220; ul_letter_spacing__hover_enabled=&#8220;0px&#8220; ul_line_height__hover=&#8220;1em&#8220; ul_line_height__hover_enabled=&#8220;1em&#8220; ul_text_shadow_style__hover=&#8220;none&#8220; ul_text_shadow_style__hover_enabled=&#8220;none&#8220; ul_text_shadow_color__hover=&#8220;rgba(0,0,0,0.4)&#8220; ul_text_shadow_color__hover_enabled=&#8220;rgba(0,0,0,0.4)&#8220; ol_font_size__hover=&#8220;14px&#8220; ol_font_size__hover_enabled=&#8220;14px&#8220; ol_letter_spacing__hover=&#8220;0px&#8220; ol_letter_spacing__hover_enabled=&#8220;0px&#8220; ol_line_height__hover=&#8220;1em&#8220; ol_line_height__hover_enabled=&#8220;1em&#8220; ol_text_shadow_style__hover=&#8220;none&#8220; ol_text_shadow_style__hover_enabled=&#8220;none&#8220; ol_text_shadow_color__hover=&#8220;rgba(0,0,0,0.4)&#8220; ol_text_shadow_color__hover_enabled=&#8220;rgba(0,0,0,0.4)&#8220; quote_font_size__hover=&#8220;14px&#8220; quote_font_size__hover_enabled=&#8220;14px&#8220; quote_letter_spacing__hover=&#8220;0px&#8220; quote_letter_spacing__hover_enabled=&#8220;0px&#8220; quote_line_height__hover=&#8220;1em&#8220; quote_line_height__hover_enabled=&#8220;1em&#8220; quote_text_shadow_style__hover=&#8220;none&#8220; quote_text_shadow_style__hover_enabled=&#8220;none&#8220; quote_text_shadow_color__hover=&#8220;rgba(0,0,0,0.4)&#8220; quote_text_shadow_color__hover_enabled=&#8220;rgba(0,0,0,0.4)&#8220; text_orientation__hover=&#8220;left&#8220; text_orientation__hover_enabled=&#8220;left&#8220; background_layout__hover=&#8220;light&#8220; background_layout__hover_enabled=&#8220;light&#8220; header_6_font_size__hover=&#8220;14px&#8220; header_6_font_size__hover_enabled=&#8220;14px&#8220; header_6_letter_spacing__hover=&#8220;0px&#8220; header_6_letter_spacing__hover_enabled=&#8220;0px&#8220; header_6_line_height__hover=&#8220;1em&#8220; header_6_line_height__hover_enabled=&#8220;1em&#8220; header_6_text_shadow_style__hover=&#8220;none&#8220; header_6_text_shadow_style__hover_enabled=&#8220;none&#8220; header_6_text_shadow_color__hover=&#8220;rgba(0,0,0,0.4)&#8220; header_6_text_shadow_color__hover_enabled=&#8220;rgba(0,0,0,0.4)&#8220; header_4_font_size__hover=&#8220;18px&#8220; header_4_font_size__hover_enabled=&#8220;18px&#8220; header_4_letter_spacing__hover=&#8220;0px&#8220; header_4_letter_spacing__hover_enabled=&#8220;0px&#8220; header_4_line_height__hover=&#8220;1em&#8220; header_4_line_height__hover_enabled=&#8220;1em&#8220; header_4_text_shadow_style__hover=&#8220;none&#8220; header_4_text_shadow_style__hover_enabled=&#8220;none&#8220; header_4_text_shadow_color__hover=&#8220;rgba(0,0,0,0.4)&#8220; header_4_text_shadow_color__hover_enabled=&#8220;rgba(0,0,0,0.4)&#8220;]<\/p>\n<h2>Medizinische Fachfu\u00dfpflege<\/h2>\n<p><span>In unserer Praxis legen wir h\u00f6chsten Wert auf eine kosmetisch einwandfreie sowie unter den Gesichtspunkten der Problemfu\u00dfpflege akkurate Fu\u00dfpflegebehandlung \u2013 wir beraten Sie gerne zu Ihrer individuellen Behandlung.<\/span><\/p>\n<p>[\/et_pb_text][et_pb_toggle title=&#8220;Fu\u00dfpflege NORMAL&#8220; _builder_version=&#8220;4.27.4&#8243; title_font=&#8220;|500|||||||&#8220; title_letter_spacing=&#8220;2px&#8220; locked=&#8220;off&#8220; global_colors_info=&#8220;{}&#8220; body_orientation__hover=&#8220;left&#8220; body_orientation__hover_enabled=&#8220;left&#8220;]<\/p>\n<ul>\n<li><span style=\"font-weight: 400;\">Fu\u00dfbad<\/span><\/li>\n<li><span style=\"font-weight: 400;\">Fachgerechtes Schneiden der N\u00e4gel<\/span><\/li>\n<li><span style=\"font-weight: 400;\">Reinigen und Gl\u00e4tten des Nagelfalzes<\/span><\/li>\n<li><span style=\"font-weight: 400;\">Nagelplatten gl\u00e4tten und begradigen<\/span><\/li>\n<li><span style=\"font-weight: 400;\">Abtragung von Nagelverdickungen<\/span><\/li>\n<li><span style=\"font-weight: 400;\">Entfernen und Behandeln von H\u00fchneraugen<\/span><\/li>\n<li><span style=\"font-weight: 400;\">Tipps zur h\u00e4uslichen Pflege der F\u00fc\u00dfe<\/span><\/li>\n<li><span style=\"font-weight: 400;\">Beratung bei der Auswahl von Pflegemitteln<\/span><\/li>\n<li><span style=\"font-weight: 400;\">entspannende Fu\u00dfmassage<\/span><\/li>\n<li><span style=\"font-weight: 400;\">abschlie\u00dfend: pflegende Fu\u00dfcreme<\/span><\/li>\n<\/ul>\n<p><span style=\"font-weight: 400;\">Behandlungsdauer: ca. 30 min<\/span><\/p>\n<p><strong>38,00 Euro<br \/><\/strong>(+ 3,00 Euro Nagellack)<\/p>\n<p>[\/et_pb_toggle][et_pb_toggle title=&#8220;Fu\u00dfpflege Wellness&#8220; _builder_version=&#8220;4.16&#8243; title_font=&#8220;|500|||||||&#8220; title_letter_spacing=&#8220;2px&#8220; hover_enabled=&#8220;0&#8243; locked=&#8220;off&#8220; global_colors_info=&#8220;{}&#8220; body_orientation__hover=&#8220;left&#8220; body_orientation__hover_enabled=&#8220;left&#8220; sticky_enabled=&#8220;0&#8243;]<\/p>\n<ul>\n<li><span style=\"font-weight: 400;\">Kr\u00e4uterfu\u00dfbad\u00a0<\/span><\/li>\n<li><span style=\"font-weight: 400;\">Fu\u00dfpeeling<\/span><\/li>\n<li><span style=\"font-weight: 400;\">Fachgerechtes Schneiden der N\u00e4gel<\/span><\/li>\n<li><span style=\"font-weight: 400;\">Reinigen und Gl\u00e4tten des Nagelfalzes<\/span><\/li>\n<li><span style=\"font-weight: 400;\">Nagelplatten gl\u00e4tten und begradigen<\/span><\/li>\n<li><span style=\"font-weight: 400;\">Abtragung von Nagelverdickungen<\/span><\/li>\n<li>\u00a0<span style=\"font-weight: 400;\">Entfernung und Behandlung von H\u00fchneraugen<\/span><\/li>\n<li>\u00a0<span style=\"font-weight: 400;\">Tipps zur h\u00e4uslichen Pflege der F\u00fc\u00dfe<\/span><\/li>\n<li>\u00a0<span style=\"font-weight: 400;\">Beratung bei der Auswahl von Pflegemitteln<\/span><\/li>\n<li><span style=\"font-weight: 400;\">Fu\u00dfmaske\u00a0<\/span><\/li>\n<li>\u00a0<span style=\"font-weight: 400;\">entspannende Fu\u00dfmassage\u00a0<\/span><\/li>\n<\/ul>\n<p>Eine au\u00dfergew\u00f6hnliche Fu\u00dfpflege, die Sie bestimmt nicht nur einmal genie\u00dfen m\u00f6chten.<\/p>\n<p><span style=\"font-size: 16px;\">Behandlungsdauer: ca. 40 min.<\/span><\/p>\n<p><span><strong>46,00 Euro<\/strong><br \/>(+ 3,00 Euro Nagellack)<br \/><\/span><\/p>\n<p>[\/et_pb_toggle][et_pb_toggle title=&#8220;Fu\u00dfmassage&#8220; _builder_version=&#8220;4.16&#8243; title_font=&#8220;|500|||||||&#8220; title_letter_spacing=&#8220;2px&#8220; border_width_all=&#8220;0px&#8220; locked=&#8220;off&#8220; global_colors_info=&#8220;{}&#8220; body_font_size__hover=&#8220;14px&#8220; body_font_size__hover_enabled=&#8220;14px&#8220; body_letter_spacing__hover=&#8220;0px&#8220; body_letter_spacing__hover_enabled=&#8220;0px&#8220; body_line_height__hover=&#8220;1.7em&#8220; body_line_height__hover_enabled=&#8220;1.7em&#8220; body_text_shadow_style__hover=&#8220;none&#8220; body_text_shadow_style__hover_enabled=&#8220;none&#8220; body_text_shadow_color__hover=&#8220;rgba(0,0,0,0.4)&#8220; body_text_shadow_color__hover_enabled=&#8220;rgba(0,0,0,0.4)&#8220; body_orientation__hover=&#8220;left&#8220; body_orientation__hover_enabled=&#8220;left&#8220;]<\/p>\n<ul>\n<li><span style=\"font-weight: 400;\">mit Massagelotion incl.<\/span><\/li>\n<li><span style=\"font-weight: 400;\">wahlweise 100% naturreinen \u00e4therischen \u00d6len<\/span><\/li>\n<li style=\"font-weight: 400;\"><span style=\"font-weight: 400;\">Zirbelkiefer \u201cRuhe finden\u201d<\/span><\/li>\n<li style=\"font-weight: 400;\"><span style=\"font-weight: 400;\">Ylang Ylang \u201cRuhe finden\u201d<\/span><\/li>\n<li style=\"font-weight: 400;\"><span style=\"font-weight: 400;\">Grapefruit \u201cKraft tanken\u201d<\/span><\/li>\n<\/ul>\n<p><span style=\"font-weight: 400;\"><span>Behandlungsdauer ca. 20 Minuten<\/span>\u00a0 \u00a0<\/span><\/p>\n<p><span style=\"font-weight: 400;\">26,00 Euro<\/span><\/p>\n<p>&nbsp;<\/p>\n<p>[\/et_pb_toggle][et_pb_toggle title=&#8220;Fu\u00dfpeeling&#8220; _builder_version=&#8220;4.16&#8243; title_font=&#8220;|500|||||||&#8220; title_letter_spacing=&#8220;2px&#8220; border_width_all=&#8220;0px&#8220; locked=&#8220;off&#8220; global_colors_info=&#8220;{}&#8220; body_font_size__hover=&#8220;14px&#8220; body_font_size__hover_enabled=&#8220;14px&#8220; body_letter_spacing__hover=&#8220;0px&#8220; body_letter_spacing__hover_enabled=&#8220;0px&#8220; body_line_height__hover=&#8220;1.7em&#8220; body_line_height__hover_enabled=&#8220;1.7em&#8220; body_text_shadow_style__hover=&#8220;none&#8220; body_text_shadow_style__hover_enabled=&#8220;none&#8220; body_text_shadow_color__hover=&#8220;rgba(0,0,0,0.4)&#8220; body_text_shadow_color__hover_enabled=&#8220;rgba(0,0,0,0.4)&#8220; body_orientation__hover=&#8220;left&#8220; body_orientation__hover_enabled=&#8220;left&#8220;]<\/p>\n<p><span style=\"font-weight: 400;\">Hochwertige \u00d6le wie Avocado-,Pfirsichkern- und Hanf\u00f6l machen das Peeling zu einem intensiven Pflegeergebnis f\u00fcr die F\u00fc\u00dfe. Es f\u00f6rdert die Durchblutung und schenkt ein glattes weiches Hautgef\u00fchl.<\/span><\/p>\n<p><span style=\"font-weight: 400;\">Behandlungsdauer: ca.15 Minuten<\/span><\/p>\n<p><span style=\"font-weight: 400;\">15,00 Euro<\/span><\/p>\n<p>&nbsp;<\/p>\n<p><span style=\"font-weight: 400;\"><\/span><\/p>\n<p>&nbsp;<\/p>\n<p>[\/et_pb_toggle][et_pb_toggle title=&#8220;Fu\u00dfmaske&#8220; _builder_version=&#8220;4.16&#8243; title_font=&#8220;|500|||||||&#8220; title_letter_spacing=&#8220;2px&#8220; border_width_all=&#8220;0px&#8220; locked=&#8220;off&#8220; global_colors_info=&#8220;{}&#8220; body_font_size__hover=&#8220;14px&#8220; body_font_size__hover_enabled=&#8220;14px&#8220; body_letter_spacing__hover=&#8220;0px&#8220; body_letter_spacing__hover_enabled=&#8220;0px&#8220; body_line_height__hover=&#8220;1.7em&#8220; body_line_height__hover_enabled=&#8220;1.7em&#8220; body_text_shadow_style__hover=&#8220;none&#8220; body_text_shadow_style__hover_enabled=&#8220;none&#8220; body_text_shadow_color__hover=&#8220;rgba(0,0,0,0.4)&#8220; body_text_shadow_color__hover_enabled=&#8220;rgba(0,0,0,0.4)&#8220; body_orientation__hover=&#8220;left&#8220; body_orientation__hover_enabled=&#8220;left&#8220;]<\/p>\n<p><span style=\"font-weight: 400;\">mit\u00a0 Macadamia Honig ist <\/span><span style=\"font-weight: 400;\">Balsam f\u00fcr Haut und Seele<\/span><\/p>\n<p><span style=\"font-weight: 400;\">Behandlungsdauer: ca.15 Minuten<\/span><\/p>\n<p><span style=\"font-weight: 400;\">15,00 Euro<\/span><\/p>\n<p>&nbsp;<\/p>\n<p><span style=\"font-weight: 400;\"><\/span><\/p>\n<p>&nbsp;<\/p>\n<p>[\/et_pb_toggle][et_pb_text _builder_version=&#8220;4.16&#8243; text_text_color=&#8220;#474747&#8243; header_text_color=&#8220;#8f8f8f&#8220; header_3_text_color=&#8220;#6b6b6b&#8220; header_4_text_color=&#8220;#b3b3b3&#8243; custom_padding=&#8220;0px|18px||||&#8220; global_colors_info=&#8220;{}&#8220;]<\/p>\n<h3><span style=\"font-weight: 400;\">Verwendung von Peclavusprodukten<\/span><\/h3>\n<p><span style=\"font-weight: 400;\">Seien Sie gut zu dem, was Sie im Alltag auf dem Boden h\u00e4lt: <\/span>Ihre F\u00fc\u00dfe.\u00a0<span style=\"font-size: 16px;\">Kommen Sie vorbei und lassen Sie sich von mir individuell beraten.<\/span><\/p>\n<p><em><span style=\"font-weight: 400;\">Ich freue mich auf Sie<\/span><\/em><\/p>\n<p><em><span style=\"font-weight: 400;\">Anja Duelund<\/span><\/em><\/p>\n<p>[\/et_pb_text][\/et_pb_column][et_pb_column type=&#8220;1_2&#8243; _builder_version=&#8220;4.16&#8243; custom_padding=&#8220;80px|80px|80px|80px&#8220; custom_padding_tablet=&#8220;60px|60px|60px|60px|true|false&#8220; custom_padding_phone=&#8220;40px|40px|40px|0px|true|false&#8220; custom_padding_last_edited=&#8220;on|phone&#8220; global_colors_info=&#8220;{}&#8220; padding_phone=&#8220;40px|40px|40px|0px|true|false&#8220; padding_tablet=&#8220;60px|60px|60px|60px|true|false&#8220; padding_last_edited=&#8220;on|phone&#8220; custom_padding__hover=&#8220;|||&#8220;][et_pb_image src=&#8220;https:\/\/praxis-duelund.de\/wp-content\/uploads\/2020\/07\/Praxis-Duelund200703_02.png&#8220; title_text=&#8220;Praxis Duelund200703_02&#8243; _builder_version=&#8220;4.16&#8243; global_colors_info=&#8220;{}&#8220;][\/et_pb_image][\/et_pb_column][\/et_pb_row][\/et_pb_section]<\/p>\n","protected":false},"excerpt":{"rendered":"<p>Medizinische Fachfu\u00dfpflege In unserer Praxis legen wir h\u00f6chsten Wert auf eine kosmetisch einwandfreie sowie unter den Gesichtspunkten der Problemfu\u00dfpflege akkurate Fu\u00dfpflegebehandlung \u2013 wir beraten Sie gerne zu Ihrer individuellen Behandlung. Fu\u00dfbad Fachgerechtes Schneiden der N\u00e4gel Reinigen und Gl\u00e4tten des Nagelfalzes Nagelplatten gl\u00e4tten und begradigen Abtragung von Nagelverdickungen Entfernen und Behandeln von H\u00fchneraugen Tipps zur h\u00e4uslichen [&hellip;]<\/p>\n","protected":false},"author":2,"featured_media":0,"parent":0,"menu_order":0,"comment_status":"closed","ping_status":"closed","template":"","meta":{"_et_pb_use_builder":"on","_et_pb_old_content":"","_et_gb_content_width":"","footnotes":""},"class_list":["post-274","page","type-page","status-publish","hentry"],"_links":{"self":[{"href":"https:\/\/praxis-duelund.de\/index.php?rest_route=\/wp\/v2\/pages\/274","targetHints":{"allow":["GET"]}}],"collection":[{"href":"https:\/\/praxis-duelund.de\/index.php?rest_route=\/wp\/v2\/pages"}],"about":[{"href":"https:\/\/praxis-duelund.de\/index.php?rest_route=\/wp\/v2\/types\/page"}],"author":[{"embeddable":true,"href":"https:\/\/praxis-duelund.de\/index.php?rest_route=\/wp\/v2\/users\/2"}],"replies":[{"embeddable":true,"href":"https:\/\/praxis-duelund.de\/index.php?rest_route=%2Fwp%2Fv2%2Fcomments&post=274"}],"version-history":[{"count":24,"href":"https:\/\/praxis-duelund.de\/index.php?rest_route=\/wp\/v2\/pages\/274\/revisions"}],"predecessor-version":[{"id":798,"href":"https:\/\/praxis-duelund.de\/index.php?rest_route=\/wp\/v2\/pages\/274\/revisions\/798"}],"wp:attachment":[{"href":"https:\/\/praxis-duelund.de\/index.php?rest_route=%2Fwp%2Fv2%2Fmedia&parent=274"}],"curies":[{"name":"wp","href":"https:\/\/api.w.org\/{rel}","templated":true}]}}