{"id":426,"date":"2020-07-03T13:10:13","date_gmt":"2020-07-03T11:10:13","guid":{"rendered":"https:\/\/praxis-duelund.de\/?page_id=426"},"modified":"2020-07-03T13:24:47","modified_gmt":"2020-07-03T11:24:47","slug":"ellebogengelenk","status":"publish","type":"page","link":"https:\/\/praxis-duelund.de\/?page_id=426","title":{"rendered":"Ellebogengelenk"},"content":{"rendered":"<p>[et_pb_section fb_built=&#8220;1&#8243; _builder_version=&#8220;4.4.9&#8243; background_color=&#8220;#032b35&#8243;][et_pb_row column_structure=&#8220;3_5,2_5&#8243; _builder_version=&#8220;4.4.9&#8243; custom_margin=&#8220;|auto||60px||&#8220;][et_pb_column type=&#8220;3_5&#8243; _builder_version=&#8220;4.4.9&#8243;][et_pb_text _builder_version=&#8220;4.4.9&#8243; hover_enabled=&#8220;0&#8243;]<\/p>\n<h2><b>Ellenbogengelenk<\/b><\/h2>\n<p>[\/et_pb_text][et_pb_toggle title=&#8220;Tennisellenbogen&#8220; _builder_version=&#8220;4.4.9&#8243; hover_enabled=&#8220;0&#8243; closed_toggle_text_color=&#8220;#ffffff&#8220; background_color=&#8220;#032b35&#8243; open_toggle_text_color=&#8220;#ffffff&#8220; title_text_color=&#8220;#ffffff&#8220; body_text_color=&#8220;#d6d6d6&#8243; border_radii=&#8220;on|6px|6px|6px|6px&#8220; border_color_all=&#8220;#6b6b6b&#8220;]<\/p>\n<p><span>Der <\/span><span>Tennisarm<\/span><span> ist ein schmerzhafter Reizzustand des Ellenbogens. Betroffen sind die Sehnenans\u00e4tze der Streckermuskeln des Unterarmes, die ihren Ursprung oberhalb des Ellenbogengelenkes an der \u00e4u\u00dferen Seite des Oberarmknochens haben. Auf Grund einer \u00dcberreizung dieser Sehnenans\u00e4tze kommt es hier\u00a0 zu einer Entz\u00fcndung. Dies f\u00fchrt zu starken Schmerzen, teilweise bis in die Hand,bei Beanspruchung der entsprechenden Muskel.<\/span><\/p>\n<p>[\/et_pb_toggle][et_pb_toggle title=&#8220;Golferellenbogen&#8220; _builder_version=&#8220;4.4.9&#8243; hover_enabled=&#8220;0&#8243; closed_toggle_text_color=&#8220;#ffffff&#8220; background_color=&#8220;#032b35&#8243; open_toggle_text_color=&#8220;#ffffff&#8220; title_text_color=&#8220;#ffffff&#8220; body_text_color=&#8220;#d6d6d6&#8243; border_radii=&#8220;on|6px|6px|6px|6px&#8220; border_color_all=&#8220;#6b6b6b&#8220;]<\/p>\n<p><span>Beim Golferellenbogen sind die Muskelans\u00e4tze an der inneren Seite des Ellenbogens entz\u00fcndet. Eine h\u00e4ufige Ursache ist eine wiederholte\u00a0 Belastung der Hand- und Ellenbogenbeugemuskeln im Alltag oder bei der Arbeit. Typische Symptome sind dann Schmerzen und Bewegungseinschr\u00e4nkungen des Ellenbogens.<\/span><\/p>\n<p>[\/et_pb_toggle][et_pb_toggle title=&#8220;Ellenbogenluxation (auch nach operativer Versorgung)&#8220; _builder_version=&#8220;4.4.9&#8243; hover_enabled=&#8220;0&#8243; closed_toggle_text_color=&#8220;#ffffff&#8220; background_color=&#8220;#032b35&#8243; open_toggle_text_color=&#8220;#ffffff&#8220; title_text_color=&#8220;#ffffff&#8220; body_text_color=&#8220;#d6d6d6&#8243; border_radii=&#8220;on|6px|6px|6px|6px&#8220; border_color_all=&#8220;#6b6b6b&#8220;]<\/p>\n<p><span>Eine Ellenbogenluxation ist eine vollst\u00e4ndige Ausrenkung des Ellenbogengelenks zwischen dem Oberarmknochen und den beiden Unterarmknochen Speiche und Elle, die meist durch einen Unfall mit hoher Krafteinwirkung auf den Ellenbogen ausgel\u00f6st wird.<\/span><\/p>\n<p>[\/et_pb_toggle][et_pb_toggle title=&#8220;Radiusfraktur (Speichenfraktur)&#8220; _builder_version=&#8220;4.4.9&#8243; hover_enabled=&#8220;0&#8243; closed_toggle_text_color=&#8220;#ffffff&#8220; background_color=&#8220;#032b35&#8243; open_toggle_text_color=&#8220;#ffffff&#8220; title_text_color=&#8220;#ffffff&#8220; body_text_color=&#8220;#d6d6d6&#8243; border_radii=&#8220;on|6px|6px|6px|6px&#8220; border_color_all=&#8220;#6b6b6b&#8220;]<\/p>\n<p><span>Br\u00fcche der Speiche (des Radius) im Unterarm sind die\u00a0<\/span><strong>h\u00e4ufigste Art der Fraktur<\/strong><span>\u00a0im menschlichen K\u00f6rper dar. Vor allem \u00e4ltere Menschen mit\u00a0<\/span><strong>Osteoporose<\/strong><span>\u00a0erleiden h\u00e4ufig eine Radiusfraktur.\u00a0<\/span><\/p>\n<p>[\/et_pb_toggle][\/et_pb_column][et_pb_column type=&#8220;2_5&#8243; _builder_version=&#8220;4.4.9&#8243;][et_pb_image src=&#8220;https:\/\/praxis-duelund.de\/wp-content\/uploads\/2020\/04\/ellbogen-hand.jpg&#8220; title_text=&#8220;ellbogen hand&#8220; _builder_version=&#8220;4.4.9&#8243; filter_saturate=&#8220;60%&#8220;][\/et_pb_image][\/et_pb_column][\/et_pb_row][\/et_pb_section]<\/p>\n","protected":false},"excerpt":{"rendered":"<p>EllenbogengelenkDer Tennisarm ist ein schmerzhafter Reizzustand des Ellenbogens. Betroffen sind die Sehnenans\u00e4tze der Streckermuskeln des Unterarmes, die ihren Ursprung oberhalb des Ellenbogengelenkes an der \u00e4u\u00dferen Seite des Oberarmknochens haben. Auf Grund einer \u00dcberreizung dieser Sehnenans\u00e4tze kommt es hier\u00a0 zu einer Entz\u00fcndung. Dies f\u00fchrt zu starken Schmerzen, teilweise bis in die Hand,bei Beanspruchung der entsprechenden Muskel.Beim [&hellip;]<\/p>\n","protected":false},"author":1,"featured_media":0,"parent":0,"menu_order":0,"comment_status":"closed","ping_status":"closed","template":"","meta":{"_et_pb_use_builder":"on","_et_pb_old_content":"","_et_gb_content_width":"","footnotes":""},"class_list":["post-426","page","type-page","status-publish","hentry"],"_links":{"self":[{"href":"https:\/\/praxis-duelund.de\/index.php?rest_route=\/wp\/v2\/pages\/426","targetHints":{"allow":["GET"]}}],"collection":[{"href":"https:\/\/praxis-duelund.de\/index.php?rest_route=\/wp\/v2\/pages"}],"about":[{"href":"https:\/\/praxis-duelund.de\/index.php?rest_route=\/wp\/v2\/types\/page"}],"author":[{"embeddable":true,"href":"https:\/\/praxis-duelund.de\/index.php?rest_route=\/wp\/v2\/users\/1"}],"replies":[{"embeddable":true,"href":"https:\/\/praxis-duelund.de\/index.php?rest_route=%2Fwp%2Fv2%2Fcomments&post=426"}],"version-history":[{"count":9,"href":"https:\/\/praxis-duelund.de\/index.php?rest_route=\/wp\/v2\/pages\/426\/revisions"}],"predecessor-version":[{"id":441,"href":"https:\/\/praxis-duelund.de\/index.php?rest_route=\/wp\/v2\/pages\/426\/revisions\/441"}],"wp:attachment":[{"href":"https:\/\/praxis-duelund.de\/index.php?rest_route=%2Fwp%2Fv2%2Fmedia&parent=426"}],"curies":[{"name":"wp","href":"https:\/\/api.w.org\/{rel}","templated":true}]}}