{"id":443,"date":"2020-07-03T13:28:25","date_gmt":"2020-07-03T11:28:25","guid":{"rendered":"https:\/\/praxis-duelund.de\/?page_id=443"},"modified":"2020-07-03T13:28:54","modified_gmt":"2020-07-03T11:28:54","slug":"443-2","status":"publish","type":"page","link":"https:\/\/praxis-duelund.de\/?page_id=443","title":{"rendered":"Kniegelenk"},"content":{"rendered":"\n[et_pb_section fb_built=&#8220;1&#8243; _builder_version=&#8220;4.4.9&#8243; background_color=&#8220;#032b35&#8243;][et_pb_row column_structure=&#8220;3_5,2_5&#8243; _builder_version=&#8220;4.4.9&#8243; custom_margin=&#8220;|auto||60px||&#8220;][et_pb_column type=&#8220;3_5&#8243; _builder_version=&#8220;4.4.9&#8243;][et_pb_text _builder_version=&#8220;4.4.9&#8243; hover_enabled=&#8220;0&#8243;]<h2><b>Kniegelenk<\/b><\/h2>\n<ul>\n<li><span style=\"font-weight: 400;\">Kreuzbandriss (Therapie auch vor dem operativen Eingriff, z.B. zum Muskelaufbau)<\/span><\/li>\n<li><span style=\"font-weight: 400;\">Teil- und Totalendoprothesen (Mobilisation und Stabilisation nach operativer Versorgung)<\/span><\/li>\n<li><span style=\"font-weight: 400;\">Meniskussch\u00e4den (nach operativer Behandlung<\/span><\/li>\n<li><span style=\"font-weight: 400;\">Arthrosetherapie<\/span><\/li>\n<li><span style=\"font-weight: 400;\">B\u00e4nderzerrung<\/span><\/li>\n<li><span style=\"font-weight: 400;\">Muskelverletzungen des Oberschenkel (z.B. nach Sportverletzungen)<\/span><\/li>\n<li><span style=\"font-weight: 400;\">Muskelfaserriss der Wade<\/span><\/li>\n<li><span style=\"font-weight: 400;\">Tibiakopffraktur (Schienbeinkopffraktur, z.B. nach operativer Versorgung zur Mobilisation und Stabilisation)<\/span><\/li>\n<li><span style=\"font-weight: 400;\">Innenbandruptur<\/span><\/li>\n<li><span style=\"font-weight: 400;\">Runners-Knee<\/span><\/li>\n<\/ul>\n<p>Hier handelt es sich um Schmerzen an der Au\u00dfenseite des Kniegelenkes. Die Ursache ist meistens eine\u00a0 \u00dcberlastung des Tractus iliotibialis. Haupts\u00e4chlich Laufen \/ Joggen mit z. B. mit einseitiger abgeschw\u00e4chter Rumpf- oder Ges\u00e4\u00dfmuskulatur f\u00fchrt hier zur \u00dcberbeanspruchung dieses Muskels. Der Tractus iliotibialis ist eine Sehnenplatte, die sich an der Au\u00dfenseite des Oberschenkels befindet. Der untere Teil des Tractus iliotibialis setzt an der Au\u00dfenseite des Schienbeins an. Oberhalb des Knies geht er in einige seitliche und hintere Muskelstr\u00e4nge des Oberschenkels. Diese setzen am Beckenknochen an.<\/p>\n[\/et_pb_text][\/et_pb_column][et_pb_column type=&#8220;2_5&#8243; _builder_version=&#8220;4.4.9&#8243;][et_pb_image src=&#8220;https:\/\/praxis-duelund.de\/wp-content\/uploads\/2020\/04\/knie-gebeugt-seite.jpg&#8220; title_text=&#8220;knie gebeugt seite&#8220; _builder_version=&#8220;4.4.9&#8243; filter_saturate=&#8220;60%&#8220; hover_enabled=&#8220;0&#8243;][\/et_pb_image][\/et_pb_column][\/et_pb_row][\/et_pb_section]\n","protected":false},"excerpt":{"rendered":"<p>Kniegelenk Kreuzbandriss (Therapie auch vor dem operativen Eingriff, z.B. zum Muskelaufbau) Teil- und Totalendoprothesen (Mobilisation und Stabilisation nach operativer Versorgung) Meniskussch\u00e4den (nach operativer Behandlung Arthrosetherapie B\u00e4nderzerrung Muskelverletzungen des Oberschenkel (z.B. nach Sportverletzungen) Muskelfaserriss der Wade Tibiakopffraktur (Schienbeinkopffraktur, z.B. nach operativer Versorgung zur Mobilisation und Stabilisation) Innenbandruptur Runners-Knee Hier handelt es sich um Schmerzen an der [&hellip;]<\/p>\n","protected":false},"author":1,"featured_media":0,"parent":0,"menu_order":0,"comment_status":"closed","ping_status":"closed","template":"","meta":{"_et_pb_use_builder":"on","_et_pb_old_content":"","_et_gb_content_width":"","footnotes":""},"class_list":["post-443","page","type-page","status-publish","hentry"],"_links":{"self":[{"href":"https:\/\/praxis-duelund.de\/index.php?rest_route=\/wp\/v2\/pages\/443","targetHints":{"allow":["GET"]}}],"collection":[{"href":"https:\/\/praxis-duelund.de\/index.php?rest_route=\/wp\/v2\/pages"}],"about":[{"href":"https:\/\/praxis-duelund.de\/index.php?rest_route=\/wp\/v2\/types\/page"}],"author":[{"embeddable":true,"href":"https:\/\/praxis-duelund.de\/index.php?rest_route=\/wp\/v2\/users\/1"}],"replies":[{"embeddable":true,"href":"https:\/\/praxis-duelund.de\/index.php?rest_route=%2Fwp%2Fv2%2Fcomments&post=443"}],"version-history":[{"count":3,"href":"https:\/\/praxis-duelund.de\/index.php?rest_route=\/wp\/v2\/pages\/443\/revisions"}],"predecessor-version":[{"id":447,"href":"https:\/\/praxis-duelund.de\/index.php?rest_route=\/wp\/v2\/pages\/443\/revisions\/447"}],"wp:attachment":[{"href":"https:\/\/praxis-duelund.de\/index.php?rest_route=%2Fwp%2Fv2%2Fmedia&parent=443"}],"curies":[{"name":"wp","href":"https:\/\/api.w.org\/{rel}","templated":true}]}}