{"id":450,"date":"2020-07-03T13:32:11","date_gmt":"2020-07-03T11:32:11","guid":{"rendered":"https:\/\/praxis-duelund.de\/?page_id=450"},"modified":"2020-07-03T13:33:58","modified_gmt":"2020-07-03T11:33:58","slug":"450-2","status":"publish","type":"page","link":"https:\/\/praxis-duelund.de\/?page_id=450","title":{"rendered":"Halswirbels\u00e4ule"},"content":{"rendered":"<p>[et_pb_section fb_built=&#8220;1&#8243; _builder_version=&#8220;4.4.9&#8243; background_color=&#8220;#032b35&#8243;][et_pb_row column_structure=&#8220;3_5,2_5&#8243; _builder_version=&#8220;4.4.9&#8243; custom_margin=&#8220;|auto||60px||&#8220;][et_pb_column type=&#8220;3_5&#8243; _builder_version=&#8220;4.4.9&#8243;][et_pb_text _builder_version=&#8220;4.4.9&#8243; hover_enabled=&#8220;0&#8243;]<\/p>\n<h2><b>Halswirbels\u00e4ule<\/b><\/h2>\n<ul>\n<li style=\"font-weight: 400;\"><span style=\"font-weight: 400;\">Bandscheibenvorw\u00f6lbung<\/span><\/li>\n<li style=\"font-weight: 400;\"><span style=\"font-weight: 400;\">Bandscheibenvorfall<\/span><\/li>\n<li style=\"font-weight: 400;\"><span style=\"font-weight: 400;\">Arthrose (degenerative Ver\u00e4nderung der Wirbels\u00e4ule)<\/span><\/li>\n<li style=\"font-weight: 400;\"><span style=\"font-weight: 400;\">Verspannungen<\/span><\/li>\n<li style=\"font-weight: 400;\"><span style=\"font-weight: 400;\">Spannungskopfschmerzen (ggf. mit Neuraltherapie)<\/span><\/li>\n<li style=\"font-weight: 400;\"><span style=\"font-weight: 400;\">Schiefhals<\/span><\/li>\n<li style=\"font-weight: 400;\"><span style=\"font-weight: 400;\">Blockaden der Wirbelgelenke<\/span><\/li>\n<li style=\"font-weight: 400;\"><span style=\"font-weight: 400;\">Schmerztherapie bei akuten oder chronischen Reizzust\u00e4nden (ggf. mit Neuraltherapie)<\/span><\/li>\n<li style=\"font-weight: 400;\"><span style=\"font-weight: 400;\">Instabilit\u00e4t (gezielter Muskelaufbau, z. B. nach Wirbels\u00e4ulenoperationen oder Sportverletzungen)<\/span><\/li>\n<li style=\"font-weight: 400;\"><span style=\"font-weight: 400;\">Schleudertrauma<\/span><\/li>\n<li style=\"font-weight: 400;\"><span style=\"font-weight: 400;\">Kiefergelenkstherapie (immer in Verbindung mit der Halswirbels\u00e4ule)<\/span><\/li>\n<\/ul>\n<p>[\/et_pb_text][\/et_pb_column][et_pb_column type=&#8220;2_5&#8243; _builder_version=&#8220;4.4.9&#8243;][et_pb_image src=&#8220;https:\/\/praxis-duelund.de\/wp-content\/uploads\/2020\/04\/hws-hande-seite.jpg&#8220; title_text=&#8220;hws hande seite&#8220; _builder_version=&#8220;4.4.9&#8243; filter_saturate=&#8220;60%&#8220; hover_enabled=&#8220;0&#8243;][\/et_pb_image][\/et_pb_column][\/et_pb_row][\/et_pb_section]<\/p>\n","protected":false},"excerpt":{"rendered":"<p>Halswirbels\u00e4ule Bandscheibenvorw\u00f6lbung Bandscheibenvorfall Arthrose (degenerative Ver\u00e4nderung der Wirbels\u00e4ule) Verspannungen Spannungskopfschmerzen (ggf. mit Neuraltherapie) Schiefhals Blockaden der Wirbelgelenke Schmerztherapie bei akuten oder chronischen Reizzust\u00e4nden (ggf. mit Neuraltherapie) Instabilit\u00e4t (gezielter Muskelaufbau, z. B. nach Wirbels\u00e4ulenoperationen oder Sportverletzungen) Schleudertrauma Kiefergelenkstherapie (immer in Verbindung mit der Halswirbels\u00e4ule)<\/p>\n","protected":false},"author":1,"featured_media":0,"parent":0,"menu_order":0,"comment_status":"closed","ping_status":"closed","template":"","meta":{"_et_pb_use_builder":"on","_et_pb_old_content":"","_et_gb_content_width":"","footnotes":""},"class_list":["post-450","page","type-page","status-publish","hentry"],"_links":{"self":[{"href":"https:\/\/praxis-duelund.de\/index.php?rest_route=\/wp\/v2\/pages\/450","targetHints":{"allow":["GET"]}}],"collection":[{"href":"https:\/\/praxis-duelund.de\/index.php?rest_route=\/wp\/v2\/pages"}],"about":[{"href":"https:\/\/praxis-duelund.de\/index.php?rest_route=\/wp\/v2\/types\/page"}],"author":[{"embeddable":true,"href":"https:\/\/praxis-duelund.de\/index.php?rest_route=\/wp\/v2\/users\/1"}],"replies":[{"embeddable":true,"href":"https:\/\/praxis-duelund.de\/index.php?rest_route=%2Fwp%2Fv2%2Fcomments&post=450"}],"version-history":[{"count":4,"href":"https:\/\/praxis-duelund.de\/index.php?rest_route=\/wp\/v2\/pages\/450\/revisions"}],"predecessor-version":[{"id":455,"href":"https:\/\/praxis-duelund.de\/index.php?rest_route=\/wp\/v2\/pages\/450\/revisions\/455"}],"wp:attachment":[{"href":"https:\/\/praxis-duelund.de\/index.php?rest_route=%2Fwp%2Fv2%2Fmedia&parent=450"}],"curies":[{"name":"wp","href":"https:\/\/api.w.org\/{rel}","templated":true}]}}