{"id":456,"date":"2020-07-03T13:36:19","date_gmt":"2020-07-03T11:36:19","guid":{"rendered":"https:\/\/praxis-duelund.de\/?page_id=456"},"modified":"2020-07-03T13:44:43","modified_gmt":"2020-07-03T11:44:43","slug":"456-2","status":"publish","type":"page","link":"https:\/\/praxis-duelund.de\/?page_id=456","title":{"rendered":"Brustwirbels\u00e4ule"},"content":{"rendered":"<p>[et_pb_section fb_built=&#8220;1&#8243; _builder_version=&#8220;4.4.9&#8243; background_color=&#8220;#032b35&#8243;][et_pb_row column_structure=&#8220;3_5,2_5&#8243; _builder_version=&#8220;4.4.9&#8243; custom_margin=&#8220;|auto||60px||&#8220;][et_pb_column type=&#8220;3_5&#8243; _builder_version=&#8220;4.4.9&#8243;][et_pb_text _builder_version=&#8220;4.4.9&#8243; hover_enabled=&#8220;0&#8243;]<\/p>\n<h3><b>Brustwirbels\u00e4ule<\/b><\/h3>\n<ul>\n<li style=\"font-weight: 400;\"><span style=\"font-weight: 400;\">Bandscheibenvorw\u00f6lbung<\/span><\/li>\n<li style=\"font-weight: 400;\"><span style=\"font-weight: 400;\">Bandscheibenvorfall<\/span><\/li>\n<li style=\"font-weight: 400;\"><span style=\"font-weight: 400;\">Arthrose (degenerative Ver\u00e4nderung der Wirbels\u00e4ule)<\/span><\/li>\n<li style=\"font-weight: 400;\"><span style=\"font-weight: 400;\">muskul\u00e4re Dystonien (Verspannungen)<\/span><\/li>\n<li style=\"font-weight: 400;\"><span style=\"font-weight: 400;\">Schmerztherapie bei Rippenprellung \/ -fraktur<\/span><\/li>\n<li style=\"font-weight: 400;\"><span style=\"font-weight: 400;\">Blockaden der Rippenwirbelgelenke<\/span><\/li>\n<li style=\"font-weight: 400;\"><span style=\"font-weight: 400;\">Schmerztherapie bei akuten oder chronischen Reizzust\u00e4nden<\/span><\/li>\n<li style=\"font-weight: 400;\"><span style=\"font-weight: 400;\">Blockaden der Wirbelgelenke<\/span><\/li>\n<li style=\"font-weight: 400;\"><span style=\"font-weight: 400;\">Skoliose<\/span><\/li>\n<li style=\"font-weight: 400;\"><span style=\"font-weight: 400;\">Instabilit\u00e4t (gezielter Muskelaufbau, z. B. nach Wirbels\u00e4ulenoperationen oder Sportverletzungen)<\/span><\/li>\n<\/ul>\n<p>[\/et_pb_text][\/et_pb_column][et_pb_column type=&#8220;2_5&#8243; _builder_version=&#8220;4.4.9&#8243;][et_pb_image src=&#8220;https:\/\/praxis-duelund.de\/wp-content\/uploads\/2020\/04\/ruecken-haende-nacken-gerade.jpg&#8220; title_text=&#8220;ruecken haende nacken gerade&#8220; _builder_version=&#8220;4.4.9&#8243; filter_saturate=&#8220;60%&#8220;][\/et_pb_image][\/et_pb_column][\/et_pb_row][\/et_pb_section]<\/p>\n","protected":false},"excerpt":{"rendered":"<p>Brustwirbels\u00e4ule Bandscheibenvorw\u00f6lbung Bandscheibenvorfall Arthrose (degenerative Ver\u00e4nderung der Wirbels\u00e4ule) muskul\u00e4re Dystonien (Verspannungen) Schmerztherapie bei Rippenprellung \/ -fraktur Blockaden der Rippenwirbelgelenke Schmerztherapie bei akuten oder chronischen Reizzust\u00e4nden Blockaden der Wirbelgelenke Skoliose Instabilit\u00e4t (gezielter Muskelaufbau, z. B. nach Wirbels\u00e4ulenoperationen oder Sportverletzungen)<\/p>\n","protected":false},"author":1,"featured_media":0,"parent":0,"menu_order":0,"comment_status":"closed","ping_status":"closed","template":"","meta":{"_et_pb_use_builder":"on","_et_pb_old_content":"","_et_gb_content_width":"","footnotes":""},"class_list":["post-456","page","type-page","status-publish","hentry"],"_links":{"self":[{"href":"https:\/\/praxis-duelund.de\/index.php?rest_route=\/wp\/v2\/pages\/456","targetHints":{"allow":["GET"]}}],"collection":[{"href":"https:\/\/praxis-duelund.de\/index.php?rest_route=\/wp\/v2\/pages"}],"about":[{"href":"https:\/\/praxis-duelund.de\/index.php?rest_route=\/wp\/v2\/types\/page"}],"author":[{"embeddable":true,"href":"https:\/\/praxis-duelund.de\/index.php?rest_route=\/wp\/v2\/users\/1"}],"replies":[{"embeddable":true,"href":"https:\/\/praxis-duelund.de\/index.php?rest_route=%2Fwp%2Fv2%2Fcomments&post=456"}],"version-history":[{"count":5,"href":"https:\/\/praxis-duelund.de\/index.php?rest_route=\/wp\/v2\/pages\/456\/revisions"}],"predecessor-version":[{"id":475,"href":"https:\/\/praxis-duelund.de\/index.php?rest_route=\/wp\/v2\/pages\/456\/revisions\/475"}],"wp:attachment":[{"href":"https:\/\/praxis-duelund.de\/index.php?rest_route=%2Fwp%2Fv2%2Fmedia&parent=456"}],"curies":[{"name":"wp","href":"https:\/\/api.w.org\/{rel}","templated":true}]}}