{"id":463,"date":"2020-07-03T13:37:57","date_gmt":"2020-07-03T11:37:57","guid":{"rendered":"https:\/\/praxis-duelund.de\/?page_id=463"},"modified":"2020-07-03T13:45:30","modified_gmt":"2020-07-03T11:45:30","slug":"lendenwirbelsaeule","status":"publish","type":"page","link":"https:\/\/praxis-duelund.de\/?page_id=463","title":{"rendered":"Lendenwirbels\u00e4ule"},"content":{"rendered":"<p>[et_pb_section fb_built=&#8220;1&#8243; _builder_version=&#8220;4.4.9&#8243; background_color=&#8220;#032b35&#8243;][et_pb_row column_structure=&#8220;3_5,2_5&#8243; _builder_version=&#8220;4.4.9&#8243; custom_margin=&#8220;|auto||60px||&#8220;][et_pb_column type=&#8220;3_5&#8243; _builder_version=&#8220;4.4.9&#8243;][et_pb_text _builder_version=&#8220;4.4.9&#8243; hover_enabled=&#8220;0&#8243;]<\/p>\n<h3><b>Lendenwirbels\u00e4ule<\/b><\/h3>\n<ul>\n<li style=\"font-weight: 400;\"><span style=\"font-weight: 400;\">Bandscheibenvorw\u00f6lbung<\/span><\/li>\n<li style=\"font-weight: 400;\"><span style=\"font-weight: 400;\">Bandscheibenvorfall<\/span><\/li>\n<li style=\"font-weight: 400;\"><span style=\"font-weight: 400;\">Arthrose (degenerative Ver\u00e4nderung der Wirbels\u00e4ule)<\/span><\/li>\n<li style=\"font-weight: 400;\"><span style=\"font-weight: 400;\">muskul\u00e4re Dystonien (Verspannungen)<\/span><\/li>\n<li style=\"font-weight: 400;\"><span style=\"font-weight: 400;\">Schmerztherapie bei akuten oder chronischen Reizzust\u00e4nden (ggf. mit Neuraltherapie)<\/span><\/li>\n<li style=\"font-weight: 400;\"><span style=\"font-weight: 400;\">Skoliose<\/span><\/li>\n<li style=\"font-weight: 400;\"><span style=\"font-weight: 400;\">Iliosakralgelenks Therapie (z.B. bei Kreuz-Darmbeinblockaden)<\/span><\/li>\n<li style=\"font-weight: 400;\"><span style=\"font-weight: 400;\">Instabilit\u00e4t (Muskelaufbau, z. B. nach Wirbels\u00e4ulenoperationen\u00a0 oder Sportverletzungen)<\/span><\/li>\n<li style=\"font-weight: 400;\"><span style=\"font-weight: 400;\">Hexenschuss\u00a0<\/span><\/li>\n<\/ul>\n<p>[\/et_pb_text][\/et_pb_column][et_pb_column type=&#8220;2_5&#8243; _builder_version=&#8220;4.4.9&#8243;][et_pb_image src=&#8220;https:\/\/praxis-duelund.de\/wp-content\/uploads\/2020\/04\/lws-haende-e1587298105465.jpg&#8220; title_text=&#8220;lws haende&#8220; _builder_version=&#8220;4.4.9&#8243; filter_saturate=&#8220;60%&#8220;][\/et_pb_image][\/et_pb_column][\/et_pb_row][\/et_pb_section]<\/p>\n","protected":false},"excerpt":{"rendered":"<p>Lendenwirbels\u00e4ule Bandscheibenvorw\u00f6lbung Bandscheibenvorfall Arthrose (degenerative Ver\u00e4nderung der Wirbels\u00e4ule) muskul\u00e4re Dystonien (Verspannungen) Schmerztherapie bei akuten oder chronischen Reizzust\u00e4nden (ggf. mit Neuraltherapie) Skoliose Iliosakralgelenks Therapie (z.B. bei Kreuz-Darmbeinblockaden) Instabilit\u00e4t (Muskelaufbau, z. B. nach Wirbels\u00e4ulenoperationen\u00a0 oder Sportverletzungen) Hexenschuss\u00a0<\/p>\n","protected":false},"author":1,"featured_media":0,"parent":0,"menu_order":0,"comment_status":"closed","ping_status":"closed","template":"","meta":{"_et_pb_use_builder":"on","_et_pb_old_content":"","_et_gb_content_width":"","footnotes":""},"class_list":["post-463","page","type-page","status-publish","hentry"],"_links":{"self":[{"href":"https:\/\/praxis-duelund.de\/index.php?rest_route=\/wp\/v2\/pages\/463","targetHints":{"allow":["GET"]}}],"collection":[{"href":"https:\/\/praxis-duelund.de\/index.php?rest_route=\/wp\/v2\/pages"}],"about":[{"href":"https:\/\/praxis-duelund.de\/index.php?rest_route=\/wp\/v2\/types\/page"}],"author":[{"embeddable":true,"href":"https:\/\/praxis-duelund.de\/index.php?rest_route=\/wp\/v2\/users\/1"}],"replies":[{"embeddable":true,"href":"https:\/\/praxis-duelund.de\/index.php?rest_route=%2Fwp%2Fv2%2Fcomments&post=463"}],"version-history":[{"count":4,"href":"https:\/\/praxis-duelund.de\/index.php?rest_route=\/wp\/v2\/pages\/463\/revisions"}],"predecessor-version":[{"id":476,"href":"https:\/\/praxis-duelund.de\/index.php?rest_route=\/wp\/v2\/pages\/463\/revisions\/476"}],"wp:attachment":[{"href":"https:\/\/praxis-duelund.de\/index.php?rest_route=%2Fwp%2Fv2%2Fmedia&parent=463"}],"curies":[{"name":"wp","href":"https:\/\/api.w.org\/{rel}","templated":true}]}}