{"id":495,"date":"2020-07-06T06:39:06","date_gmt":"2020-07-06T04:39:06","guid":{"rendered":"https:\/\/praxis-duelund.de\/?page_id=495"},"modified":"2020-07-06T06:41:20","modified_gmt":"2020-07-06T04:41:20","slug":"hueftgelenk","status":"publish","type":"page","link":"https:\/\/praxis-duelund.de\/?page_id=495","title":{"rendered":"H\u00fcftgelenk"},"content":{"rendered":"<p>[et_pb_section fb_built=&#8220;1&#8243; _builder_version=&#8220;4.4.9&#8243; background_color=&#8220;#032b35&#8243;][et_pb_row column_structure=&#8220;3_5,2_5&#8243; _builder_version=&#8220;4.4.9&#8243; custom_margin=&#8220;|auto||60px||&#8220;][et_pb_column type=&#8220;3_5&#8243; _builder_version=&#8220;4.4.9&#8243;][et_pb_text _builder_version=&#8220;4.4.9&#8243; hover_enabled=&#8220;0&#8243;]<\/p>\n<h3><b>H\u00fcftgelenk:<\/b><\/h3>\n<ul>\n<li style=\"font-weight: 400;\"><span style=\"font-weight: 400;\">Teil- und Totalendoprothesen (Mobilisation und Stabilisation nach operativer Versorgung)<\/span><\/li>\n<li style=\"font-weight: 400;\"><span style=\"font-weight: 400;\">Arthrose<\/span><\/li>\n<li style=\"font-weight: 400;\"><span style=\"font-weight: 400;\">Instabilit\u00e4ten (z.B. nach operativer Versorgung einer Schenkelhalsfraktur)<\/span><\/li>\n<li style=\"font-weight: 400;\"><span style=\"font-weight: 400;\">Verspannungen\u00a0<\/span><\/li>\n<\/ul>\n<ul>\n<li style=\"font-weight: 400;\"><span style=\"font-weight: 400;\">Muskelverletzungen durch Training oder Arbeit<\/span><\/li>\n<li style=\"font-weight: 400;\"><span style=\"font-weight: 400;\">Muskelzerrungen des Oberschenkel (z.B. nach Sportverletzungen)<\/span><\/li>\n<li style=\"font-weight: 400;\"><span style=\"font-weight: 400;\">Leistenschmerzen (z.B. durch Zerrung \/ \u00dcberlastung des H\u00fcftbeugers, Musculus iliopsoas)<\/span><\/li>\n<li style=\"font-weight: 400;\"><span style=\"font-weight: 400;\">Piriformis &#8211; Syndrom (Drucksch\u00e4digung des Ischiasnerven, Therapie ggf. in Kombination mit Neuraltherapie)<\/span><\/li>\n<li style=\"font-weight: 400;\"><span style=\"font-weight: 400;\">Tractus-Iliotibialis-Syndrom (Schmerzen an der Au\u00dfenseite des H\u00fcftgelenkes, Therapie ggf. in Kombination mit Neuraltherapie)<\/span><\/li>\n<\/ul>\n<p>&nbsp;<\/p>\n<p>[\/et_pb_text][\/et_pb_column][et_pb_column type=&#8220;2_5&#8243; _builder_version=&#8220;4.4.9&#8243;][et_pb_image src=&#8220;https:\/\/praxis-duelund.de\/wp-content\/uploads\/2020\/04\/huefte-rechts2.jpg&#8220; title_text=&#8220;huefte rechts2&#8243; _builder_version=&#8220;4.4.9&#8243; filter_saturate=&#8220;60%&#8220; hover_enabled=&#8220;0&#8243;][\/et_pb_image][\/et_pb_column][\/et_pb_row][\/et_pb_section]<\/p>\n","protected":false},"excerpt":{"rendered":"<p>H\u00fcftgelenk: Teil- und Totalendoprothesen (Mobilisation und Stabilisation nach operativer Versorgung) Arthrose Instabilit\u00e4ten (z.B. nach operativer Versorgung einer Schenkelhalsfraktur) Verspannungen\u00a0 Muskelverletzungen durch Training oder Arbeit Muskelzerrungen des Oberschenkel (z.B. nach Sportverletzungen) Leistenschmerzen (z.B. durch Zerrung \/ \u00dcberlastung des H\u00fcftbeugers, Musculus iliopsoas) Piriformis &#8211; Syndrom (Drucksch\u00e4digung des Ischiasnerven, Therapie ggf. in Kombination mit Neuraltherapie) Tractus-Iliotibialis-Syndrom (Schmerzen an [&hellip;]<\/p>\n","protected":false},"author":2,"featured_media":0,"parent":0,"menu_order":0,"comment_status":"closed","ping_status":"closed","template":"","meta":{"_et_pb_use_builder":"on","_et_pb_old_content":"","_et_gb_content_width":"","footnotes":""},"class_list":["post-495","page","type-page","status-publish","hentry"],"_links":{"self":[{"href":"https:\/\/praxis-duelund.de\/index.php?rest_route=\/wp\/v2\/pages\/495","targetHints":{"allow":["GET"]}}],"collection":[{"href":"https:\/\/praxis-duelund.de\/index.php?rest_route=\/wp\/v2\/pages"}],"about":[{"href":"https:\/\/praxis-duelund.de\/index.php?rest_route=\/wp\/v2\/types\/page"}],"author":[{"embeddable":true,"href":"https:\/\/praxis-duelund.de\/index.php?rest_route=\/wp\/v2\/users\/2"}],"replies":[{"embeddable":true,"href":"https:\/\/praxis-duelund.de\/index.php?rest_route=%2Fwp%2Fv2%2Fcomments&post=495"}],"version-history":[{"count":6,"href":"https:\/\/praxis-duelund.de\/index.php?rest_route=\/wp\/v2\/pages\/495\/revisions"}],"predecessor-version":[{"id":504,"href":"https:\/\/praxis-duelund.de\/index.php?rest_route=\/wp\/v2\/pages\/495\/revisions\/504"}],"wp:attachment":[{"href":"https:\/\/praxis-duelund.de\/index.php?rest_route=%2Fwp%2Fv2%2Fmedia&parent=495"}],"curies":[{"name":"wp","href":"https:\/\/api.w.org\/{rel}","templated":true}]}}